{"id":13,"date":"2025-02-04T09:57:34","date_gmt":"2025-02-04T09:57:34","guid":{"rendered":"https:\/\/www.victorfl.es\/?page_id=13"},"modified":"2025-02-13T13:10:05","modified_gmt":"2025-02-13T13:10:05","slug":"contacto","status":"publish","type":"page","link":"https:\/\/www.victorfl.es\/index.php\/contacto\/","title":{"rendered":"Contacto"},"content":{"rendered":"\t\t<div data-elementor-type=\"wp-page\" data-elementor-id=\"13\" class=\"elementor elementor-13\">\n\t\t\t\t<div class=\"elementor-element elementor-element-e3b5cce e-flex e-con-boxed e-con e-parent\" data-id=\"e3b5cce\" data-element_type=\"container\" data-e-type=\"container\">\n\t\t\t\t\t<div class=\"e-con-inner\">\n\t\t\t\t<div class=\"elementor-element elementor-element-f3c6951 elementor-widget elementor-widget-text-editor\" data-id=\"f3c6951\" data-element_type=\"widget\" data-e-type=\"widget\" data-widget_type=\"text-editor.default\">\n\t\t\t\t<div class=\"elementor-widget-container\">\n\t\t\t\t\t\t\t\t\t<p><strong>Localizaci\u00f3n:<\/strong><\/p><p>C\/ Hermanos Maristas,\u00a0<br \/>46023, Valencia, Espa\u00f1a<\/p><p><strong>Correo Electr\u00f3nico:<\/strong><br \/>victor@victorfl.es<\/p><p><strong>Horario:<\/strong><br \/>Lunes a viernes: de 9:00 a 19:00 h.<\/p>\t\t\t\t\t\t\t\t<\/div>\n\t\t\t\t<\/div>\n\t\t\t\t\t<\/div>\n\t\t\t\t<\/div>\n\t\t\t\t<\/div>\n\t\t","protected":false},"excerpt":{"rendered":"<p>Localizaci\u00f3n: C\/ Hermanos Maristas,\u00a046023, Valencia, Espa\u00f1a Correo Electr\u00f3nico:victor@victorfl.es Horario:Lunes a viernes: de 9:00 a 19:00 h.<\/p>\n","protected":false},"author":1,"featured_media":43,"parent":0,"menu_order":0,"comment_status":"closed","ping_status":"closed","template":"","meta":{"footnotes":""},"class_list":["post-13","page","type-page","status-publish","has-post-thumbnail","hentry"],"yoast_head":"<!-- This site is optimized with the Yoast SEO plugin v27.5 - https:\/\/yoast.com\/product\/yoast-seo-wordpress\/ -->\n<title>Contacto - V\u00edctor Fagu\u00e1s<\/title>\n<meta name=\"robots\" content=\"index, follow, max-snippet:-1, max-image-preview:large, max-video-preview:-1\" \/>\n<link rel=\"canonical\" href=\"https:\/\/www.victorfl.es\/index.php\/contacto\/\" \/>\n<meta property=\"og:locale\" content=\"es_ES\" \/>\n<meta property=\"og:type\" content=\"article\" \/>\n<meta property=\"og:title\" content=\"Contacto - V\u00edctor Fagu\u00e1s\" \/>\n<meta property=\"og:description\" content=\"Localizaci\u00f3n: C\/ Hermanos Maristas,\u00a046023, Valencia, Espa\u00f1a Correo Electr\u00f3nico:victor@victorfl.es Horario:Lunes a viernes: de 9:00 a 19:00 h.\" \/>\n<meta property=\"og:url\" content=\"https:\/\/www.victorfl.es\/index.php\/contacto\/\" \/>\n<meta property=\"og:site_name\" content=\"V\u00edctor Fagu\u00e1s\" \/>\n<meta property=\"article:modified_time\" content=\"2025-02-13T13:10:05+00:00\" \/>\n<meta property=\"og:image\" content=\"https:\/\/www.victorfl.es\/wp-content\/uploads\/2025\/02\/alexander-shatov-PHH_0uw9-Qw-unsplash-scaled.jpg\" \/>\n\t<meta property=\"og:image:width\" content=\"2560\" \/>\n\t<meta property=\"og:image:height\" content=\"1920\" \/>\n\t<meta property=\"og:image:type\" content=\"image\/jpeg\" \/>\n<meta name=\"twitter:card\" content=\"summary_large_image\" \/>\n<script type=\"application\/ld+json\" class=\"yoast-schema-graph\">{\"@context\":\"https:\\\/\\\/schema.org\",\"@graph\":[{\"@type\":\"WebPage\",\"@id\":\"https:\\\/\\\/www.victorfl.es\\\/index.php\\\/contacto\\\/\",\"url\":\"https:\\\/\\\/www.victorfl.es\\\/index.php\\\/contacto\\\/\",\"name\":\"Contacto - V\u00edctor Fagu\u00e1s\",\"isPartOf\":{\"@id\":\"https:\\\/\\\/www.victorfl.es\\\/#website\"},\"primaryImageOfPage\":{\"@id\":\"https:\\\/\\\/www.victorfl.es\\\/index.php\\\/contacto\\\/#primaryimage\"},\"image\":{\"@id\":\"https:\\\/\\\/www.victorfl.es\\\/index.php\\\/contacto\\\/#primaryimage\"},\"thumbnailUrl\":\"https:\\\/\\\/www.victorfl.es\\\/wp-content\\\/uploads\\\/2025\\\/02\\\/alexander-shatov-PHH_0uw9-Qw-unsplash-scaled.jpg\",\"datePublished\":\"2025-02-04T09:57:34+00:00\",\"dateModified\":\"2025-02-13T13:10:05+00:00\",\"breadcrumb\":{\"@id\":\"https:\\\/\\\/www.victorfl.es\\\/index.php\\\/contacto\\\/#breadcrumb\"},\"inLanguage\":\"es\",\"potentialAction\":[{\"@type\":\"ReadAction\",\"target\":[\"https:\\\/\\\/www.victorfl.es\\\/index.php\\\/contacto\\\/\"]}]},{\"@type\":\"ImageObject\",\"inLanguage\":\"es\",\"@id\":\"https:\\\/\\\/www.victorfl.es\\\/index.php\\\/contacto\\\/#primaryimage\",\"url\":\"https:\\\/\\\/www.victorfl.es\\\/wp-content\\\/uploads\\\/2025\\\/02\\\/alexander-shatov-PHH_0uw9-Qw-unsplash-scaled.jpg\",\"contentUrl\":\"https:\\\/\\\/www.victorfl.es\\\/wp-content\\\/uploads\\\/2025\\\/02\\\/alexander-shatov-PHH_0uw9-Qw-unsplash-scaled.jpg\",\"width\":2560,\"height\":1920},{\"@type\":\"BreadcrumbList\",\"@id\":\"https:\\\/\\\/www.victorfl.es\\\/index.php\\\/contacto\\\/#breadcrumb\",\"itemListElement\":[{\"@type\":\"ListItem\",\"position\":1,\"name\":\"Portada\",\"item\":\"https:\\\/\\\/www.victorfl.es\\\/\"},{\"@type\":\"ListItem\",\"position\":2,\"name\":\"Contacto\"}]},{\"@type\":\"WebSite\",\"@id\":\"https:\\\/\\\/www.victorfl.es\\\/#website\",\"url\":\"https:\\\/\\\/www.victorfl.es\\\/\",\"name\":\"V\u00edctor Fagu\u00e1s\",\"description\":\"T\u00e9cnico Inform\u00e1tico\",\"potentialAction\":[{\"@type\":\"SearchAction\",\"target\":{\"@type\":\"EntryPoint\",\"urlTemplate\":\"https:\\\/\\\/www.victorfl.es\\\/?s={search_term_string}\"},\"query-input\":{\"@type\":\"PropertyValueSpecification\",\"valueRequired\":true,\"valueName\":\"search_term_string\"}}],\"inLanguage\":\"es\"}]}<\/script>\n<!-- \/ Yoast SEO plugin. -->","yoast_head_json":{"title":"Contacto - V\u00edctor Fagu\u00e1s","robots":{"index":"index","follow":"follow","max-snippet":"max-snippet:-1","max-image-preview":"max-image-preview:large","max-video-preview":"max-video-preview:-1"},"canonical":"https:\/\/www.victorfl.es\/index.php\/contacto\/","og_locale":"es_ES","og_type":"article","og_title":"Contacto - V\u00edctor Fagu\u00e1s","og_description":"Localizaci\u00f3n: C\/ Hermanos Maristas,\u00a046023, Valencia, Espa\u00f1a Correo Electr\u00f3nico:victor@victorfl.es Horario:Lunes a viernes: de 9:00 a 19:00 h.","og_url":"https:\/\/www.victorfl.es\/index.php\/contacto\/","og_site_name":"V\u00edctor Fagu\u00e1s","article_modified_time":"2025-02-13T13:10:05+00:00","og_image":[{"width":2560,"height":1920,"url":"https:\/\/www.victorfl.es\/wp-content\/uploads\/2025\/02\/alexander-shatov-PHH_0uw9-Qw-unsplash-scaled.jpg","type":"image\/jpeg"}],"twitter_card":"summary_large_image","schema":{"@context":"https:\/\/schema.org","@graph":[{"@type":"WebPage","@id":"https:\/\/www.victorfl.es\/index.php\/contacto\/","url":"https:\/\/www.victorfl.es\/index.php\/contacto\/","name":"Contacto - V\u00edctor Fagu\u00e1s","isPartOf":{"@id":"https:\/\/www.victorfl.es\/#website"},"primaryImageOfPage":{"@id":"https:\/\/www.victorfl.es\/index.php\/contacto\/#primaryimage"},"image":{"@id":"https:\/\/www.victorfl.es\/index.php\/contacto\/#primaryimage"},"thumbnailUrl":"https:\/\/www.victorfl.es\/wp-content\/uploads\/2025\/02\/alexander-shatov-PHH_0uw9-Qw-unsplash-scaled.jpg","datePublished":"2025-02-04T09:57:34+00:00","dateModified":"2025-02-13T13:10:05+00:00","breadcrumb":{"@id":"https:\/\/www.victorfl.es\/index.php\/contacto\/#breadcrumb"},"inLanguage":"es","potentialAction":[{"@type":"ReadAction","target":["https:\/\/www.victorfl.es\/index.php\/contacto\/"]}]},{"@type":"ImageObject","inLanguage":"es","@id":"https:\/\/www.victorfl.es\/index.php\/contacto\/#primaryimage","url":"https:\/\/www.victorfl.es\/wp-content\/uploads\/2025\/02\/alexander-shatov-PHH_0uw9-Qw-unsplash-scaled.jpg","contentUrl":"https:\/\/www.victorfl.es\/wp-content\/uploads\/2025\/02\/alexander-shatov-PHH_0uw9-Qw-unsplash-scaled.jpg","width":2560,"height":1920},{"@type":"BreadcrumbList","@id":"https:\/\/www.victorfl.es\/index.php\/contacto\/#breadcrumb","itemListElement":[{"@type":"ListItem","position":1,"name":"Portada","item":"https:\/\/www.victorfl.es\/"},{"@type":"ListItem","position":2,"name":"Contacto"}]},{"@type":"WebSite","@id":"https:\/\/www.victorfl.es\/#website","url":"https:\/\/www.victorfl.es\/","name":"V\u00edctor Fagu\u00e1s","description":"T\u00e9cnico Inform\u00e1tico","potentialAction":[{"@type":"SearchAction","target":{"@type":"EntryPoint","urlTemplate":"https:\/\/www.victorfl.es\/?s={search_term_string}"},"query-input":{"@type":"PropertyValueSpecification","valueRequired":true,"valueName":"search_term_string"}}],"inLanguage":"es"}]}},"_links":{"self":[{"href":"https:\/\/www.victorfl.es\/index.php\/wp-json\/wp\/v2\/pages\/13","targetHints":{"allow":["GET"]}}],"collection":[{"href":"https:\/\/www.victorfl.es\/index.php\/wp-json\/wp\/v2\/pages"}],"about":[{"href":"https:\/\/www.victorfl.es\/index.php\/wp-json\/wp\/v2\/types\/page"}],"author":[{"embeddable":true,"href":"https:\/\/www.victorfl.es\/index.php\/wp-json\/wp\/v2\/users\/1"}],"replies":[{"embeddable":true,"href":"https:\/\/www.victorfl.es\/index.php\/wp-json\/wp\/v2\/comments?post=13"}],"version-history":[{"count":10,"href":"https:\/\/www.victorfl.es\/index.php\/wp-json\/wp\/v2\/pages\/13\/revisions"}],"predecessor-version":[{"id":98,"href":"https:\/\/www.victorfl.es\/index.php\/wp-json\/wp\/v2\/pages\/13\/revisions\/98"}],"wp:featuredmedia":[{"embeddable":true,"href":"https:\/\/www.victorfl.es\/index.php\/wp-json\/wp\/v2\/media\/43"}],"wp:attachment":[{"href":"https:\/\/www.victorfl.es\/index.php\/wp-json\/wp\/v2\/media?parent=13"}],"curies":[{"name":"wp","href":"https:\/\/api.w.org\/{rel}","templated":true}]}}