{"id":7,"date":"2025-02-04T09:56:32","date_gmt":"2025-02-04T09:56:32","guid":{"rendered":"https:\/\/www.victorfl.es\/?page_id=7"},"modified":"2025-02-04T14:09:09","modified_gmt":"2025-02-04T14:09:09","slug":"inicio","status":"publish","type":"page","link":"https:\/\/www.victorfl.es\/","title":{"rendered":"Inicio"},"content":{"rendered":"\t\t<div data-elementor-type=\"wp-page\" data-elementor-id=\"7\" class=\"elementor elementor-7\">\n\t\t\t\t<div class=\"elementor-element elementor-element-98b6479 e-flex e-con-boxed e-con e-parent\" data-id=\"98b6479\" data-element_type=\"container\" data-e-type=\"container\">\n\t\t\t\t\t<div class=\"e-con-inner\">\n\t\t\t\t<div class=\"elementor-element elementor-element-450f140 elementor-widget elementor-widget-heading\" data-id=\"450f140\" data-element_type=\"widget\" data-e-type=\"widget\" data-widget_type=\"heading.default\">\n\t\t\t\t<div class=\"elementor-widget-container\">\n\t\t\t\t\t<h2 class=\"elementor-heading-title elementor-size-default\">Soluciones inform\u00e1ticas para que tu negocio crezca y se desarrolle.<\/h2>\t\t\t\t<\/div>\n\t\t\t\t<\/div>\n\t\t\t\t\t<\/div>\n\t\t\t\t<\/div>\n\t\t<div class=\"elementor-element elementor-element-5b386d0 e-flex e-con-boxed e-con e-parent\" data-id=\"5b386d0\" data-element_type=\"container\" data-e-type=\"container\">\n\t\t\t\t\t<div class=\"e-con-inner\">\n\t\t\t\t<div class=\"elementor-element elementor-element-d0517d9 elementor-widget elementor-widget-text-editor\" data-id=\"d0517d9\" data-element_type=\"widget\" data-e-type=\"widget\" data-widget_type=\"text-editor.default\">\n\t\t\t\t<div class=\"elementor-widget-container\">\n\t\t\t\t\t\t\t\t\t<p>Ofrecemos un servicio personalizado siempre de la m\u00e1xima calidad.<\/p>\t\t\t\t\t\t\t\t<\/div>\n\t\t\t\t<\/div>\n\t\t\t\t\t<\/div>\n\t\t\t\t<\/div>\n\t\t<div class=\"elementor-element elementor-element-14cfe53 e-flex e-con-boxed e-con e-parent\" data-id=\"14cfe53\" data-element_type=\"container\" data-e-type=\"container\">\n\t\t\t\t\t<div class=\"e-con-inner\">\n\t\t\t\t<div class=\"elementor-element elementor-element-06c6078 elementor-widget elementor-widget-text-editor\" data-id=\"06c6078\" data-element_type=\"widget\" data-e-type=\"widget\" data-widget_type=\"text-editor.default\">\n\t\t\t\t<div class=\"elementor-widget-container\">\n\t\t\t\t\t\t\t\t\t<p>Puedes consultar nuestros principales servicios inform\u00e1ticos:<\/p><p>Soporte t\u00e9cnico 24\/7\/365.<br \/>Dise\u00f1o y desarrollo web<br \/>Redes y sistemas<br \/>Dominios y Hosting<br \/>Software est\u00e1ndar<br \/>Asesoramiento, venta de equipos y servicios post-venta<\/p>\t\t\t\t\t\t\t\t<\/div>\n\t\t\t\t<\/div>\n\t\t\t\t\t<\/div>\n\t\t\t\t<\/div>\n\t\t\t\t<\/div>\n\t\t","protected":false},"excerpt":{"rendered":"<p>Soluciones inform\u00e1ticas para que tu negocio crezca y se desarrolle. Ofrecemos un servicio personalizado siempre de la m\u00e1xima calidad. Puedes consultar nuestros principales servicios inform\u00e1ticos: Soporte t\u00e9cnico 24\/7\/365.Dise\u00f1o y desarrollo webRedes y sistemasDominios y HostingSoftware est\u00e1ndarAsesoramiento, venta de equipos y servicios post-venta<\/p>\n","protected":false},"author":1,"featured_media":59,"parent":0,"menu_order":0,"comment_status":"closed","ping_status":"closed","template":"","meta":{"footnotes":""},"class_list":["post-7","page","type-page","status-publish","has-post-thumbnail","hentry"],"yoast_head":"<!-- This site is optimized with the Yoast SEO plugin v27.5 - https:\/\/yoast.com\/product\/yoast-seo-wordpress\/ -->\n<title>Inicio - V\u00edctor Fagu\u00e1s<\/title>\n<meta name=\"robots\" content=\"index, follow, max-snippet:-1, max-image-preview:large, max-video-preview:-1\" \/>\n<link rel=\"canonical\" href=\"https:\/\/www.victorfl.es\/\" \/>\n<meta property=\"og:locale\" content=\"es_ES\" \/>\n<meta property=\"og:type\" content=\"article\" \/>\n<meta property=\"og:title\" content=\"Inicio - V\u00edctor Fagu\u00e1s\" \/>\n<meta property=\"og:description\" content=\"Soluciones inform\u00e1ticas para que tu negocio crezca y se desarrolle. Ofrecemos un servicio personalizado siempre de la m\u00e1xima calidad. Puedes consultar nuestros principales servicios inform\u00e1ticos: Soporte t\u00e9cnico 24\/7\/365.Dise\u00f1o y desarrollo webRedes y sistemasDominios y HostingSoftware est\u00e1ndarAsesoramiento, venta de equipos y servicios post-venta\" \/>\n<meta property=\"og:url\" content=\"https:\/\/www.victorfl.es\/\" \/>\n<meta property=\"og:site_name\" content=\"V\u00edctor Fagu\u00e1s\" \/>\n<meta property=\"article:modified_time\" content=\"2025-02-04T14:09:09+00:00\" \/>\n<meta property=\"og:image\" content=\"https:\/\/www.victorfl.es\/wp-content\/uploads\/2025\/02\/vishnu-mohanan-pfR18JNEMv8-unsplash-scaled.jpg\" \/>\n\t<meta property=\"og:image:width\" content=\"2560\" \/>\n\t<meta property=\"og:image:height\" content=\"1922\" \/>\n\t<meta property=\"og:image:type\" content=\"image\/jpeg\" \/>\n<meta name=\"twitter:card\" content=\"summary_large_image\" \/>\n<script type=\"application\/ld+json\" class=\"yoast-schema-graph\">{\"@context\":\"https:\\\/\\\/schema.org\",\"@graph\":[{\"@type\":\"WebPage\",\"@id\":\"https:\\\/\\\/www.victorfl.es\\\/\",\"url\":\"https:\\\/\\\/www.victorfl.es\\\/\",\"name\":\"Inicio - V\u00edctor Fagu\u00e1s\",\"isPartOf\":{\"@id\":\"https:\\\/\\\/www.victorfl.es\\\/#website\"},\"primaryImageOfPage\":{\"@id\":\"https:\\\/\\\/www.victorfl.es\\\/#primaryimage\"},\"image\":{\"@id\":\"https:\\\/\\\/www.victorfl.es\\\/#primaryimage\"},\"thumbnailUrl\":\"https:\\\/\\\/www.victorfl.es\\\/wp-content\\\/uploads\\\/2025\\\/02\\\/vishnu-mohanan-pfR18JNEMv8-unsplash-scaled.jpg\",\"datePublished\":\"2025-02-04T09:56:32+00:00\",\"dateModified\":\"2025-02-04T14:09:09+00:00\",\"breadcrumb\":{\"@id\":\"https:\\\/\\\/www.victorfl.es\\\/#breadcrumb\"},\"inLanguage\":\"es\",\"potentialAction\":[{\"@type\":\"ReadAction\",\"target\":[\"https:\\\/\\\/www.victorfl.es\\\/\"]}]},{\"@type\":\"ImageObject\",\"inLanguage\":\"es\",\"@id\":\"https:\\\/\\\/www.victorfl.es\\\/#primaryimage\",\"url\":\"https:\\\/\\\/www.victorfl.es\\\/wp-content\\\/uploads\\\/2025\\\/02\\\/vishnu-mohanan-pfR18JNEMv8-unsplash-scaled.jpg\",\"contentUrl\":\"https:\\\/\\\/www.victorfl.es\\\/wp-content\\\/uploads\\\/2025\\\/02\\\/vishnu-mohanan-pfR18JNEMv8-unsplash-scaled.jpg\",\"width\":2560,\"height\":1922},{\"@type\":\"BreadcrumbList\",\"@id\":\"https:\\\/\\\/www.victorfl.es\\\/#breadcrumb\",\"itemListElement\":[{\"@type\":\"ListItem\",\"position\":1,\"name\":\"Portada\",\"item\":\"https:\\\/\\\/www.victorfl.es\\\/\"},{\"@type\":\"ListItem\",\"position\":2,\"name\":\"Inicio\"}]},{\"@type\":\"WebSite\",\"@id\":\"https:\\\/\\\/www.victorfl.es\\\/#website\",\"url\":\"https:\\\/\\\/www.victorfl.es\\\/\",\"name\":\"V\u00edctor Fagu\u00e1s\",\"description\":\"T\u00e9cnico Inform\u00e1tico\",\"potentialAction\":[{\"@type\":\"SearchAction\",\"target\":{\"@type\":\"EntryPoint\",\"urlTemplate\":\"https:\\\/\\\/www.victorfl.es\\\/?s={search_term_string}\"},\"query-input\":{\"@type\":\"PropertyValueSpecification\",\"valueRequired\":true,\"valueName\":\"search_term_string\"}}],\"inLanguage\":\"es\"}]}<\/script>\n<!-- \/ Yoast SEO plugin. -->","yoast_head_json":{"title":"Inicio - V\u00edctor Fagu\u00e1s","robots":{"index":"index","follow":"follow","max-snippet":"max-snippet:-1","max-image-preview":"max-image-preview:large","max-video-preview":"max-video-preview:-1"},"canonical":"https:\/\/www.victorfl.es\/","og_locale":"es_ES","og_type":"article","og_title":"Inicio - V\u00edctor Fagu\u00e1s","og_description":"Soluciones inform\u00e1ticas para que tu negocio crezca y se desarrolle. Ofrecemos un servicio personalizado siempre de la m\u00e1xima calidad. Puedes consultar nuestros principales servicios inform\u00e1ticos: Soporte t\u00e9cnico 24\/7\/365.Dise\u00f1o y desarrollo webRedes y sistemasDominios y HostingSoftware est\u00e1ndarAsesoramiento, venta de equipos y servicios post-venta","og_url":"https:\/\/www.victorfl.es\/","og_site_name":"V\u00edctor Fagu\u00e1s","article_modified_time":"2025-02-04T14:09:09+00:00","og_image":[{"width":2560,"height":1922,"url":"https:\/\/www.victorfl.es\/wp-content\/uploads\/2025\/02\/vishnu-mohanan-pfR18JNEMv8-unsplash-scaled.jpg","type":"image\/jpeg"}],"twitter_card":"summary_large_image","schema":{"@context":"https:\/\/schema.org","@graph":[{"@type":"WebPage","@id":"https:\/\/www.victorfl.es\/","url":"https:\/\/www.victorfl.es\/","name":"Inicio - V\u00edctor Fagu\u00e1s","isPartOf":{"@id":"https:\/\/www.victorfl.es\/#website"},"primaryImageOfPage":{"@id":"https:\/\/www.victorfl.es\/#primaryimage"},"image":{"@id":"https:\/\/www.victorfl.es\/#primaryimage"},"thumbnailUrl":"https:\/\/www.victorfl.es\/wp-content\/uploads\/2025\/02\/vishnu-mohanan-pfR18JNEMv8-unsplash-scaled.jpg","datePublished":"2025-02-04T09:56:32+00:00","dateModified":"2025-02-04T14:09:09+00:00","breadcrumb":{"@id":"https:\/\/www.victorfl.es\/#breadcrumb"},"inLanguage":"es","potentialAction":[{"@type":"ReadAction","target":["https:\/\/www.victorfl.es\/"]}]},{"@type":"ImageObject","inLanguage":"es","@id":"https:\/\/www.victorfl.es\/#primaryimage","url":"https:\/\/www.victorfl.es\/wp-content\/uploads\/2025\/02\/vishnu-mohanan-pfR18JNEMv8-unsplash-scaled.jpg","contentUrl":"https:\/\/www.victorfl.es\/wp-content\/uploads\/2025\/02\/vishnu-mohanan-pfR18JNEMv8-unsplash-scaled.jpg","width":2560,"height":1922},{"@type":"BreadcrumbList","@id":"https:\/\/www.victorfl.es\/#breadcrumb","itemListElement":[{"@type":"ListItem","position":1,"name":"Portada","item":"https:\/\/www.victorfl.es\/"},{"@type":"ListItem","position":2,"name":"Inicio"}]},{"@type":"WebSite","@id":"https:\/\/www.victorfl.es\/#website","url":"https:\/\/www.victorfl.es\/","name":"V\u00edctor Fagu\u00e1s","description":"T\u00e9cnico Inform\u00e1tico","potentialAction":[{"@type":"SearchAction","target":{"@type":"EntryPoint","urlTemplate":"https:\/\/www.victorfl.es\/?s={search_term_string}"},"query-input":{"@type":"PropertyValueSpecification","valueRequired":true,"valueName":"search_term_string"}}],"inLanguage":"es"}]}},"_links":{"self":[{"href":"https:\/\/www.victorfl.es\/index.php\/wp-json\/wp\/v2\/pages\/7","targetHints":{"allow":["GET"]}}],"collection":[{"href":"https:\/\/www.victorfl.es\/index.php\/wp-json\/wp\/v2\/pages"}],"about":[{"href":"https:\/\/www.victorfl.es\/index.php\/wp-json\/wp\/v2\/types\/page"}],"author":[{"embeddable":true,"href":"https:\/\/www.victorfl.es\/index.php\/wp-json\/wp\/v2\/users\/1"}],"replies":[{"embeddable":true,"href":"https:\/\/www.victorfl.es\/index.php\/wp-json\/wp\/v2\/comments?post=7"}],"version-history":[{"count":4,"href":"https:\/\/www.victorfl.es\/index.php\/wp-json\/wp\/v2\/pages\/7\/revisions"}],"predecessor-version":[{"id":63,"href":"https:\/\/www.victorfl.es\/index.php\/wp-json\/wp\/v2\/pages\/7\/revisions\/63"}],"wp:featuredmedia":[{"embeddable":true,"href":"https:\/\/www.victorfl.es\/index.php\/wp-json\/wp\/v2\/media\/59"}],"wp:attachment":[{"href":"https:\/\/www.victorfl.es\/index.php\/wp-json\/wp\/v2\/media?parent=7"}],"curies":[{"name":"wp","href":"https:\/\/api.w.org\/{rel}","templated":true}]}}