{"id":9,"date":"2025-02-04T09:56:55","date_gmt":"2025-02-04T09:56:55","guid":{"rendered":"https:\/\/www.victorfl.es\/?page_id=9"},"modified":"2025-02-04T14:00:10","modified_gmt":"2025-02-04T14:00:10","slug":"nosotros","status":"publish","type":"page","link":"https:\/\/www.victorfl.es\/index.php\/nosotros\/","title":{"rendered":"Nosotros"},"content":{"rendered":"\t\t<div data-elementor-type=\"wp-page\" data-elementor-id=\"9\" class=\"elementor elementor-9\">\n\t\t\t\t<div class=\"elementor-element elementor-element-69c549a e-flex e-con-boxed e-con e-parent\" data-id=\"69c549a\" data-element_type=\"container\" data-e-type=\"container\">\n\t\t\t\t\t<div class=\"e-con-inner\">\n\t\t\t\t<div class=\"elementor-element elementor-element-fdea9e9 elementor-widget elementor-widget-text-editor\" data-id=\"fdea9e9\" data-element_type=\"widget\" data-e-type=\"widget\" data-widget_type=\"text-editor.default\">\n\t\t\t\t<div class=\"elementor-widget-container\">\n\t\t\t\t\t\t\t\t\t<p>Desde el a\u00f1o 2007, V\u00edctor Faguas Lorente ofrece un servicio integral para empresas y una atenci\u00f3n personal al usuario. Con el paso del tiempo, hemos ido creciendo y nos hemos acercado a nuevas \u00e1reas de actividad, realizando un sinf\u00edn de proyectos tanto en el sector p\u00fablico como en el privado.<\/p><p>Sin importar el tama\u00f1o de tu empresa o volumen de facturaci\u00f3n, podemos ofrecerte soluciones inform\u00e1ticas integrales y personalizadas y un gran n\u00famero de mejoras que hagan que tu negocio crezca y se desarrolle.<\/p><p>Nuestra misi\u00f3n es ofrecerte un servicio econ\u00f3mico y personalizado cuidando la calidad y la optimizaci\u00f3n en los procesos. La implicaci\u00f3n con el cliente es nuestra prioridad, actuando siempre de manera honrada, un elemento fundamental que nos ayuda a seguir creciendo en un mercado tan competitivo como el actual.<\/p>\t\t\t\t\t\t\t\t<\/div>\n\t\t\t\t<\/div>\n\t\t\t\t\t<\/div>\n\t\t\t\t<\/div>\n\t\t\t\t<\/div>\n\t\t","protected":false},"excerpt":{"rendered":"<p>Desde el a\u00f1o 2007, V\u00edctor Faguas Lorente ofrece un servicio integral para empresas y una atenci\u00f3n personal al usuario. Con el paso del tiempo, hemos ido creciendo y nos hemos acercado a nuevas \u00e1reas de actividad, realizando un sinf\u00edn de proyectos tanto en el sector p\u00fablico como en el privado. Sin importar el tama\u00f1o de &hellip; <\/p>\n<p class=\"link-more\"><a href=\"https:\/\/www.victorfl.es\/index.php\/nosotros\/\" class=\"more-link\">Continuar leyendo<span class=\"screen-reader-text\"> \u00abNosotros\u00bb<\/span><\/a><\/p>\n","protected":false},"author":1,"featured_media":44,"parent":0,"menu_order":0,"comment_status":"closed","ping_status":"closed","template":"","meta":{"footnotes":""},"class_list":["post-9","page","type-page","status-publish","has-post-thumbnail","hentry"],"yoast_head":"<!-- This site is optimized with the Yoast SEO plugin v27.5 - https:\/\/yoast.com\/product\/yoast-seo-wordpress\/ -->\n<title>Nosotros - V\u00edctor Fagu\u00e1s<\/title>\n<meta name=\"robots\" content=\"index, follow, max-snippet:-1, max-image-preview:large, max-video-preview:-1\" \/>\n<link rel=\"canonical\" href=\"https:\/\/www.victorfl.es\/index.php\/nosotros\/\" \/>\n<meta property=\"og:locale\" content=\"es_ES\" \/>\n<meta property=\"og:type\" content=\"article\" \/>\n<meta property=\"og:title\" content=\"Nosotros - V\u00edctor Fagu\u00e1s\" \/>\n<meta property=\"og:description\" content=\"Desde el a\u00f1o 2007, V\u00edctor Faguas Lorente ofrece un servicio integral para empresas y una atenci\u00f3n personal al usuario. Con el paso del tiempo, hemos ido creciendo y nos hemos acercado a nuevas \u00e1reas de actividad, realizando un sinf\u00edn de proyectos tanto en el sector p\u00fablico como en el privado. Sin importar el tama\u00f1o de &hellip; Continuar leyendo &quot;Nosotros&quot;\" \/>\n<meta property=\"og:url\" content=\"https:\/\/www.victorfl.es\/index.php\/nosotros\/\" \/>\n<meta property=\"og:site_name\" content=\"V\u00edctor Fagu\u00e1s\" \/>\n<meta property=\"article:modified_time\" content=\"2025-02-04T14:00:10+00:00\" \/>\n<meta property=\"og:image\" content=\"https:\/\/www.victorfl.es\/wp-content\/uploads\/2025\/02\/alexandre-debieve-FO7JIlwjOtU-unsplash-scaled.jpg\" \/>\n\t<meta property=\"og:image:width\" content=\"2560\" \/>\n\t<meta property=\"og:image:height\" content=\"1707\" \/>\n\t<meta property=\"og:image:type\" content=\"image\/jpeg\" \/>\n<meta name=\"twitter:card\" content=\"summary_large_image\" \/>\n<meta name=\"twitter:label1\" content=\"Tiempo de lectura\" \/>\n\t<meta name=\"twitter:data1\" content=\"1 minuto\" \/>\n<script type=\"application\/ld+json\" class=\"yoast-schema-graph\">{\"@context\":\"https:\\\/\\\/schema.org\",\"@graph\":[{\"@type\":\"WebPage\",\"@id\":\"https:\\\/\\\/www.victorfl.es\\\/index.php\\\/nosotros\\\/\",\"url\":\"https:\\\/\\\/www.victorfl.es\\\/index.php\\\/nosotros\\\/\",\"name\":\"Nosotros - V\u00edctor Fagu\u00e1s\",\"isPartOf\":{\"@id\":\"https:\\\/\\\/www.victorfl.es\\\/#website\"},\"primaryImageOfPage\":{\"@id\":\"https:\\\/\\\/www.victorfl.es\\\/index.php\\\/nosotros\\\/#primaryimage\"},\"image\":{\"@id\":\"https:\\\/\\\/www.victorfl.es\\\/index.php\\\/nosotros\\\/#primaryimage\"},\"thumbnailUrl\":\"https:\\\/\\\/www.victorfl.es\\\/wp-content\\\/uploads\\\/2025\\\/02\\\/alexandre-debieve-FO7JIlwjOtU-unsplash-scaled.jpg\",\"datePublished\":\"2025-02-04T09:56:55+00:00\",\"dateModified\":\"2025-02-04T14:00:10+00:00\",\"breadcrumb\":{\"@id\":\"https:\\\/\\\/www.victorfl.es\\\/index.php\\\/nosotros\\\/#breadcrumb\"},\"inLanguage\":\"es\",\"potentialAction\":[{\"@type\":\"ReadAction\",\"target\":[\"https:\\\/\\\/www.victorfl.es\\\/index.php\\\/nosotros\\\/\"]}]},{\"@type\":\"ImageObject\",\"inLanguage\":\"es\",\"@id\":\"https:\\\/\\\/www.victorfl.es\\\/index.php\\\/nosotros\\\/#primaryimage\",\"url\":\"https:\\\/\\\/www.victorfl.es\\\/wp-content\\\/uploads\\\/2025\\\/02\\\/alexandre-debieve-FO7JIlwjOtU-unsplash-scaled.jpg\",\"contentUrl\":\"https:\\\/\\\/www.victorfl.es\\\/wp-content\\\/uploads\\\/2025\\\/02\\\/alexandre-debieve-FO7JIlwjOtU-unsplash-scaled.jpg\",\"width\":2560,\"height\":1707},{\"@type\":\"BreadcrumbList\",\"@id\":\"https:\\\/\\\/www.victorfl.es\\\/index.php\\\/nosotros\\\/#breadcrumb\",\"itemListElement\":[{\"@type\":\"ListItem\",\"position\":1,\"name\":\"Portada\",\"item\":\"https:\\\/\\\/www.victorfl.es\\\/\"},{\"@type\":\"ListItem\",\"position\":2,\"name\":\"Nosotros\"}]},{\"@type\":\"WebSite\",\"@id\":\"https:\\\/\\\/www.victorfl.es\\\/#website\",\"url\":\"https:\\\/\\\/www.victorfl.es\\\/\",\"name\":\"V\u00edctor Fagu\u00e1s\",\"description\":\"T\u00e9cnico Inform\u00e1tico\",\"potentialAction\":[{\"@type\":\"SearchAction\",\"target\":{\"@type\":\"EntryPoint\",\"urlTemplate\":\"https:\\\/\\\/www.victorfl.es\\\/?s={search_term_string}\"},\"query-input\":{\"@type\":\"PropertyValueSpecification\",\"valueRequired\":true,\"valueName\":\"search_term_string\"}}],\"inLanguage\":\"es\"}]}<\/script>\n<!-- \/ Yoast SEO plugin. -->","yoast_head_json":{"title":"Nosotros - V\u00edctor Fagu\u00e1s","robots":{"index":"index","follow":"follow","max-snippet":"max-snippet:-1","max-image-preview":"max-image-preview:large","max-video-preview":"max-video-preview:-1"},"canonical":"https:\/\/www.victorfl.es\/index.php\/nosotros\/","og_locale":"es_ES","og_type":"article","og_title":"Nosotros - V\u00edctor Fagu\u00e1s","og_description":"Desde el a\u00f1o 2007, V\u00edctor Faguas Lorente ofrece un servicio integral para empresas y una atenci\u00f3n personal al usuario. Con el paso del tiempo, hemos ido creciendo y nos hemos acercado a nuevas \u00e1reas de actividad, realizando un sinf\u00edn de proyectos tanto en el sector p\u00fablico como en el privado. Sin importar el tama\u00f1o de &hellip; Continuar leyendo \"Nosotros\"","og_url":"https:\/\/www.victorfl.es\/index.php\/nosotros\/","og_site_name":"V\u00edctor Fagu\u00e1s","article_modified_time":"2025-02-04T14:00:10+00:00","og_image":[{"width":2560,"height":1707,"url":"https:\/\/www.victorfl.es\/wp-content\/uploads\/2025\/02\/alexandre-debieve-FO7JIlwjOtU-unsplash-scaled.jpg","type":"image\/jpeg"}],"twitter_card":"summary_large_image","twitter_misc":{"Tiempo de lectura":"1 minuto"},"schema":{"@context":"https:\/\/schema.org","@graph":[{"@type":"WebPage","@id":"https:\/\/www.victorfl.es\/index.php\/nosotros\/","url":"https:\/\/www.victorfl.es\/index.php\/nosotros\/","name":"Nosotros - V\u00edctor Fagu\u00e1s","isPartOf":{"@id":"https:\/\/www.victorfl.es\/#website"},"primaryImageOfPage":{"@id":"https:\/\/www.victorfl.es\/index.php\/nosotros\/#primaryimage"},"image":{"@id":"https:\/\/www.victorfl.es\/index.php\/nosotros\/#primaryimage"},"thumbnailUrl":"https:\/\/www.victorfl.es\/wp-content\/uploads\/2025\/02\/alexandre-debieve-FO7JIlwjOtU-unsplash-scaled.jpg","datePublished":"2025-02-04T09:56:55+00:00","dateModified":"2025-02-04T14:00:10+00:00","breadcrumb":{"@id":"https:\/\/www.victorfl.es\/index.php\/nosotros\/#breadcrumb"},"inLanguage":"es","potentialAction":[{"@type":"ReadAction","target":["https:\/\/www.victorfl.es\/index.php\/nosotros\/"]}]},{"@type":"ImageObject","inLanguage":"es","@id":"https:\/\/www.victorfl.es\/index.php\/nosotros\/#primaryimage","url":"https:\/\/www.victorfl.es\/wp-content\/uploads\/2025\/02\/alexandre-debieve-FO7JIlwjOtU-unsplash-scaled.jpg","contentUrl":"https:\/\/www.victorfl.es\/wp-content\/uploads\/2025\/02\/alexandre-debieve-FO7JIlwjOtU-unsplash-scaled.jpg","width":2560,"height":1707},{"@type":"BreadcrumbList","@id":"https:\/\/www.victorfl.es\/index.php\/nosotros\/#breadcrumb","itemListElement":[{"@type":"ListItem","position":1,"name":"Portada","item":"https:\/\/www.victorfl.es\/"},{"@type":"ListItem","position":2,"name":"Nosotros"}]},{"@type":"WebSite","@id":"https:\/\/www.victorfl.es\/#website","url":"https:\/\/www.victorfl.es\/","name":"V\u00edctor Fagu\u00e1s","description":"T\u00e9cnico Inform\u00e1tico","potentialAction":[{"@type":"SearchAction","target":{"@type":"EntryPoint","urlTemplate":"https:\/\/www.victorfl.es\/?s={search_term_string}"},"query-input":{"@type":"PropertyValueSpecification","valueRequired":true,"valueName":"search_term_string"}}],"inLanguage":"es"}]}},"_links":{"self":[{"href":"https:\/\/www.victorfl.es\/index.php\/wp-json\/wp\/v2\/pages\/9","targetHints":{"allow":["GET"]}}],"collection":[{"href":"https:\/\/www.victorfl.es\/index.php\/wp-json\/wp\/v2\/pages"}],"about":[{"href":"https:\/\/www.victorfl.es\/index.php\/wp-json\/wp\/v2\/types\/page"}],"author":[{"embeddable":true,"href":"https:\/\/www.victorfl.es\/index.php\/wp-json\/wp\/v2\/users\/1"}],"replies":[{"embeddable":true,"href":"https:\/\/www.victorfl.es\/index.php\/wp-json\/wp\/v2\/comments?post=9"}],"version-history":[{"count":5,"href":"https:\/\/www.victorfl.es\/index.php\/wp-json\/wp\/v2\/pages\/9\/revisions"}],"predecessor-version":[{"id":94,"href":"https:\/\/www.victorfl.es\/index.php\/wp-json\/wp\/v2\/pages\/9\/revisions\/94"}],"wp:featuredmedia":[{"embeddable":true,"href":"https:\/\/www.victorfl.es\/index.php\/wp-json\/wp\/v2\/media\/44"}],"wp:attachment":[{"href":"https:\/\/www.victorfl.es\/index.php\/wp-json\/wp\/v2\/media?parent=9"}],"curies":[{"name":"wp","href":"https:\/\/api.w.org\/{rel}","templated":true}]}}